{"id":84,"date":"2024-12-28T06:49:57","date_gmt":"2024-12-28T06:49:57","guid":{"rendered":"https:\/\/dangkyinternetfpt.com.vn\/?post_type=product&#038;p=84"},"modified":"2025-01-02T10:46:01","modified_gmt":"2025-01-02T10:46:01","slug":"super-400","status":"publish","type":"product","link":"https:\/\/dangkyinternetfpt.com.vn\/index.php\/san-pham\/super-400\/","title":{"rendered":"SUPER 400"},"content":{"rendered":"","protected":false},"excerpt":{"rendered":"<p style=\"text-align: left;\">T\u1ed1c \u0111\u1ed9: 400 Mbps<\/p>\n<p style=\"text-align: left;\">Trang b\u1ecb thi\u1ebft b\u1ecb c\u00e2n b\u1eb1ng t\u1ea3i Vigor 2927 v\u00e0 AP ph\u00e1t AX8000C<\/p>\n<p style=\"text-align: left;\">\u0110\u1ea3m b\u1ea3o s\u1eed d\u1ee5ng t\u1eeb 50-60 User<\/p>\n<p style=\"text-align: left;\">H\u1ed7 tr\u1ee3 l\u1eafp \u0111\u1eb7t nhanh theo y\u00eau c\u1ea7u<\/p>\n<p><img fetchpriority=\"high\" decoding=\"async\" class=\"wp-image-86 size-full aligncenter\" src=\"https:\/\/dangkyinternetfpt.com.vn\/wp-content\/uploads\/2024\/12\/3-3.png\" alt=\"\" width=\"701\" height=\"440\" srcset=\"https:\/\/dangkyinternetfpt.com.vn\/wp-content\/uploads\/2024\/12\/3-3.png 701w, https:\/\/dangkyinternetfpt.com.vn\/wp-content\/uploads\/2024\/12\/3-3-300x188.png 300w, https:\/\/dangkyinternetfpt.com.vn\/wp-content\/uploads\/2024\/12\/3-3-600x377.png 600w\" sizes=\"(max-width: 701px) 100vw, 701px\" \/><\/p>\n<p>FPT Internet Doanh Nghi\u1ec7p \u2013 T\u1ed1c \u0110\u1ed9 V\u01b0\u1ee3t Tr\u1ed9i, K\u1ebft N\u1ed1i M\u1ea1nh M\u1ebd!<\/p>\n<p>\ud83d\ude80\u00a0FPT Internet Doanh Nghi\u1ec7p \u2013 \u0110\u1ed1i t\u00e1c tin c\u1eady cho s\u1ef1 ph\u00e1t tri\u1ec3n b\u1ec1n v\u1eefng c\u1ee7a doanh nghi\u1ec7p b\u1ea1n!<\/p>\n<p>\ud83c\udf10\u00a0T\u1ed1c \u0111\u1ed9 internet v\u01b0\u1ee3t tr\u1ed9i:<\/p>\n<p>\u0110\u01b0\u1eddng truy\u1ec1n \u1ed5n \u0111\u1ecbnh, t\u1ed1c \u0111\u1ed9 cao gi\u00fap doanh nghi\u1ec7p v\u1eadn h\u00e0nh m\u01b0\u1ee3t m\u00e0, t\u1eeb c\u00f4ng vi\u1ec7c v\u0103n ph\u00f2ng \u0111\u1ebfn c\u00e1c \u1ee9ng d\u1ee5ng \u0111\u00e1m m\u00e2y.<\/p>\n<p>H\u1ed7 tr\u1ee3 k\u1ebft n\u1ed1i nhanh ch\u00f3ng, kh\u00f4ng gi\u00e1n \u0111o\u1ea1n, \u0111\u1ea3m b\u1ea3o hi\u1ec7u qu\u1ea3 c\u00f4ng vi\u1ec7c m\u1ecdi l\u00fac.<\/p>\n<p>\ud83d\udcbc\u00a0Gi\u1ea3i ph\u00e1p d\u00e0nh ri\u00eang cho doanh nghi\u1ec7p:<\/p>\n<p>FPT VPN: B\u1ea3o m\u1eadt d\u1eef li\u1ec7u v\u00e0 k\u1ebft n\u1ed1i an to\u00e0n gi\u1eefa c\u00e1c v\u0103n ph\u00f2ng.<\/p>\n<p>FPT Cloud: D\u1ec5 d\u00e0ng qu\u1ea3n l\u00fd d\u1eef li\u1ec7u t\u1eeb xa, ti\u1ebft ki\u1ec7m chi ph\u00ed h\u1ea1 t\u1ea7ng.<\/p>\n<p>H\u1ed7 tr\u1ee3 k\u1ef9 thu\u1eadt 24\/7: \u0110\u1ed9i ng\u0169 chuy\u00ean gia lu\u00f4n s\u1eb5n s\u00e0ng gi\u00fap \u0111\u1ee1, x\u1eed l\u00fd s\u1ef1 c\u1ed1 nhanh ch\u00f3ng.<\/p>\n<p>\ud83d\udd25\u00a0\u01afu \u0111\u00e3i \u0111\u1eb7c bi\u1ec7t:<\/p>\n<p>Mi\u1ec5n ph\u00ed l\u1eafp \u0111\u1eb7t v\u00e0 h\u1ed7 tr\u1ee3 k\u1ef9 thu\u1eadt trong su\u1ed1t qu\u00e1 tr\u00ecnh s\u1eed d\u1ee5ng.<\/p>\n<p>G\u00f3i c\u01b0\u1edbc linh ho\u1ea1t, ph\u00f9 h\u1ee3p v\u1edbi quy m\u00f4 v\u00e0 nhu c\u1ea7u c\u1ee7a t\u1eebng doanh nghi\u1ec7p.<\/p>\n<p>\ud83d\udcde\u00a0Li\u00ean h\u1ec7 ngay: 0775905979 Mr.L\u1ed9c<\/p>\n<p>FPT \u2013 Gi\u1ea3i ph\u00e1p k\u1ebft n\u1ed1i hi\u1ec7u qu\u1ea3, \u0111\u1ed3ng h\u00e0nh c\u00f9ng s\u1ef1 ph\u00e1t tri\u1ec3n doanh nghi\u1ec7p!<\/p>\n<p>&nbsp;<\/p>\n","protected":false},"featured_media":85,"template":"","meta":[],"product_cat":[27],"product_tag":[],"class_list":{"0":"post-84","1":"product","2":"type-product","3":"status-publish","6":"product_cat-internet-doanh-nghiep","8":"first","9":"instock","10":"shipping-taxable","11":"purchasable","12":"product-type-simple"},"_links":{"self":[{"href":"https:\/\/dangkyinternetfpt.com.vn\/index.php\/wp-json\/wp\/v2\/product\/84","targetHints":{"allow":["GET"]}}],"collection":[{"href":"https:\/\/dangkyinternetfpt.com.vn\/index.php\/wp-json\/wp\/v2\/product"}],"about":[{"href":"https:\/\/dangkyinternetfpt.com.vn\/index.php\/wp-json\/wp\/v2\/types\/product"}],"wp:featuredmedia":[{"embeddable":true,"href":"https:\/\/dangkyinternetfpt.com.vn\/index.php\/wp-json\/wp\/v2\/media\/85"}],"wp:attachment":[{"href":"https:\/\/dangkyinternetfpt.com.vn\/index.php\/wp-json\/wp\/v2\/media?parent=84"}],"wp:term":[{"taxonomy":"product_cat","embeddable":true,"href":"https:\/\/dangkyinternetfpt.com.vn\/index.php\/wp-json\/wp\/v2\/product_cat?post=84"},{"taxonomy":"product_tag","embeddable":true,"href":"https:\/\/dangkyinternetfpt.com.vn\/index.php\/wp-json\/wp\/v2\/product_tag?post=84"}],"curies":[{"name":"wp","href":"https:\/\/api.w.org\/{rel}","templated":true}]}}