{"id":75,"date":"2024-12-28T06:41:25","date_gmt":"2024-12-28T06:41:25","guid":{"rendered":"https:\/\/dangkyinternetfpt.com.vn\/?post_type=product&#038;p=75"},"modified":"2025-01-02T10:41:34","modified_gmt":"2025-01-02T10:41:34","slug":"giga-f1","status":"publish","type":"product","link":"https:\/\/dangkyinternetfpt.com.vn\/index.php\/san-pham\/giga-f1\/","title":{"rendered":"GIGA F1"},"content":{"rendered":"","protected":false},"excerpt":{"rendered":"<p style=\"text-align: left;\">T\u1ed1c \u0111\u1ed9: 150 Mbps<\/p>\n<p style=\"text-align: left;\">Ph\u00f9 h\u1ee3p cho h\u1ed9 gia \u0111\u00ecnh<\/p>\n<p style=\"text-align: left;\">Trang b\u1ecb Modem chu\u1ea9n Wifi 6 + 1 AP Mesh wifi 6<\/p>\n<p style=\"text-align: left;\">L\u1eafp \u0111\u1eb7t nhanh trong 24h<\/p>\n<p style=\"text-align: left;\">Ph\u00ed h\u00f2a m\u1ea1ng 299.000<\/p>\n<p style=\"text-align: left;\"><strong>\u01afu \u0111\u00e3i t\u1eb7ng Voucher 100K<\/strong><\/p>\n<p><img fetchpriority=\"high\" decoding=\"async\" class=\"alignnone size-medium wp-image-62 aligncenter\" src=\"https:\/\/dangkyinternetfpt.com.vn\/wp-content\/uploads\/2024\/12\/lua-chon-thiet-bi-phu-hop-lap-wifi-tai-nha-e1727681845321-300x281.jpg\" alt=\"\" width=\"300\" height=\"281\" srcset=\"https:\/\/dangkyinternetfpt.com.vn\/wp-content\/uploads\/2024\/12\/lua-chon-thiet-bi-phu-hop-lap-wifi-tai-nha-e1727681845321-300x281.jpg 300w, https:\/\/dangkyinternetfpt.com.vn\/wp-content\/uploads\/2024\/12\/lua-chon-thiet-bi-phu-hop-lap-wifi-tai-nha-e1727681845321-1024x960.jpg 1024w, https:\/\/dangkyinternetfpt.com.vn\/wp-content\/uploads\/2024\/12\/lua-chon-thiet-bi-phu-hop-lap-wifi-tai-nha-e1727681845321-768x720.jpg 768w, https:\/\/dangkyinternetfpt.com.vn\/wp-content\/uploads\/2024\/12\/lua-chon-thiet-bi-phu-hop-lap-wifi-tai-nha-e1727681845321-600x563.jpg 600w, https:\/\/dangkyinternetfpt.com.vn\/wp-content\/uploads\/2024\/12\/lua-chon-thiet-bi-phu-hop-lap-wifi-tai-nha-e1727681845321.jpg 1171w\" sizes=\"(max-width: 300px) 100vw, 300px\" \/><\/p>\n<p>FPT Internet Mesh \u2013 K\u1ebft N\u1ed1i M\u1ea1nh M\u1ebd, To\u00e0n C\u1ea7u, Kh\u00f4ng Gi\u1edbi H\u1ea1n!<\/p>\n<p>\ud83c\udf10\u00a0FPT Internet Mesh \u2013 Gi\u1ea3i ph\u00e1p k\u1ebft n\u1ed1i Wi-Fi to\u00e0n di\u1ec7n cho gia \u0111\u00ecnh v\u00e0 doanh nghi\u1ec7p!<\/p>\n<p>\ud83d\ude80\u00a0K\u1ebft n\u1ed1i m\u1ea1nh m\u1ebd \u1edf m\u1ecdi g\u00f3c trong nh\u00e0:<\/p>\n<p>C\u00f4ng ngh\u1ec7 Mesh Wi-Fi gi\u00fap m\u1edf r\u1ed9ng v\u00f9ng ph\u1ee7 s\u00f3ng, k\u1ebft n\u1ed1i \u1ed5n \u0111\u1ecbnh \u1edf m\u1ecdi ph\u00f2ng m\u00e0 kh\u00f4ng lo m\u1ea5t t\u00edn hi\u1ec7u.<\/p>\n<p>Ph\u00f9 h\u1ee3p cho c\u00e1c kh\u00f4ng gian l\u1edbn, bi\u1ec7t th\u1ef1, v\u0103n ph\u00f2ng, gi\u00fap c\u00e1c thi\u1ebft b\u1ecb lu\u00f4n k\u1ebft n\u1ed1i m\u01b0\u1ee3t m\u00e0.<\/p>\n<p>\ud83d\udcf6\u00a0T\u1ed1c \u0111\u1ed9 v\u01b0\u1ee3t tr\u1ed9i, \u1ed5n \u0111\u1ecbnh:<\/p>\n<p>T\u1ed1c \u0111\u1ed9 internet cao, kh\u00f4ng b\u1ecb gi\u00e1n \u0111o\u1ea1n, d\u00f9 b\u1ea1n \u0111ang l\u00e0m vi\u1ec7c, h\u1ecdc t\u1eadp hay gi\u1ea3i tr\u00ed.<\/p>\n<p>Ch\u01a1i game, xem phim 4K, v\u00e0 h\u1ed9i h\u1ecdp tr\u1ef1c tuy\u1ebfn \u0111\u1ec1u m\u01b0\u1ee3t m\u00e0, kh\u00f4ng lo lag.<\/p>\n<p>\ud83d\udca1\u00a0L\u1eafp \u0111\u1eb7t v\u00e0 qu\u1ea3n l\u00fd \u0111\u01a1n gi\u1ea3n:<\/p>\n<p>D\u1ec5 d\u00e0ng c\u00e0i \u0111\u1eb7t, qu\u1ea3n l\u00fd v\u00e0 \u0111i\u1ec1u ch\u1ec9nh qua \u1ee9ng d\u1ee5ng tr\u00ean \u0111i\u1ec7n tho\u1ea1i.<\/p>\n<p>Qu\u1ea3n l\u00fd b\u0103ng th\u00f4ng, thi\u1ebft l\u1eadp m\u1eadt kh\u1ea9u an to\u00e0n, b\u1ea3o v\u1ec7 d\u1eef li\u1ec7u ngay trong t\u1ea7m tay.<\/p>\n<p>\ud83d\udd25\u00a0\u01afu \u0111\u00e3i \u0111\u1eb7c bi\u1ec7t:<\/p>\n<p>Mi\u1ec5n ph\u00ed l\u1eafp \u0111\u1eb7t, t\u1eb7ng b\u1ed9 thi\u1ebft b\u1ecb Mesh Wi-Fi cho kh\u00e1ch h\u00e0ng \u0111\u0103ng k\u00fd m\u1edbi.<\/p>\n<p>H\u1ed7 tr\u1ee3 k\u1ef9 thu\u1eadt 24\/7, b\u1ea3o h\u00e0nh d\u00e0i h\u1ea1n.<\/p>\n<p>\ud83d\udcde\u00a0Li\u00ean h\u1ec7 ngay: 0775905979 Mr.L\u1ed9c<\/p>\n<p>FPT \u2013 K\u1ebft n\u1ed1i to\u00e0n di\u1ec7n, k\u1ebft n\u1ed1i m\u1ecdi l\u00fac m\u1ecdi n\u01a1i!<\/p>\n","protected":false},"featured_media":76,"template":"","meta":[],"product_cat":[26],"product_tag":[],"class_list":{"0":"post-75","1":"product","2":"type-product","3":"status-publish","6":"product_cat-mesh","8":"first","9":"instock","10":"shipping-taxable","11":"purchasable","12":"product-type-simple"},"_links":{"self":[{"href":"https:\/\/dangkyinternetfpt.com.vn\/index.php\/wp-json\/wp\/v2\/product\/75","targetHints":{"allow":["GET"]}}],"collection":[{"href":"https:\/\/dangkyinternetfpt.com.vn\/index.php\/wp-json\/wp\/v2\/product"}],"about":[{"href":"https:\/\/dangkyinternetfpt.com.vn\/index.php\/wp-json\/wp\/v2\/types\/product"}],"wp:featuredmedia":[{"embeddable":true,"href":"https:\/\/dangkyinternetfpt.com.vn\/index.php\/wp-json\/wp\/v2\/media\/76"}],"wp:attachment":[{"href":"https:\/\/dangkyinternetfpt.com.vn\/index.php\/wp-json\/wp\/v2\/media?parent=75"}],"wp:term":[{"taxonomy":"product_cat","embeddable":true,"href":"https:\/\/dangkyinternetfpt.com.vn\/index.php\/wp-json\/wp\/v2\/product_cat?post=75"},{"taxonomy":"product_tag","embeddable":true,"href":"https:\/\/dangkyinternetfpt.com.vn\/index.php\/wp-json\/wp\/v2\/product_tag?post=75"}],"curies":[{"name":"wp","href":"https:\/\/api.w.org\/{rel}","templated":true}]}}