{"id":64,"date":"2024-12-28T06:15:27","date_gmt":"2024-12-28T06:15:27","guid":{"rendered":"https:\/\/dangkyinternetfpt.com.vn\/?post_type=product&#038;p=64"},"modified":"2025-01-02T10:36:11","modified_gmt":"2025-01-02T10:36:11","slug":"sky","status":"publish","type":"product","link":"https:\/\/dangkyinternetfpt.com.vn\/index.php\/san-pham\/sky\/","title":{"rendered":"SKY"},"content":{"rendered":"","protected":false},"excerpt":{"rendered":"<p style=\"text-align: left;\">T\u1ed1c \u0111\u1ed9: 1 Gbps<\/p>\n<p style=\"text-align: left;\">Ph\u00f9 h\u1ee3p cho h\u1ed9 gia \u0111\u00ecnh<\/p>\n<p style=\"text-align: left;\">Trang b\u1ecb Modem chu\u1ea9n Wifi 6<\/p>\n<p style=\"text-align: left;\">L\u1eafp \u0111\u1eb7t nhanh trong 24h<\/p>\n<p style=\"text-align: left;\">Ph\u00ed h\u00f2a m\u1ea1ng 299.000<\/p>\n<p style=\"text-align: left;\"><strong>\u01afu \u0111\u00e3i t\u1eb7ng Voucher 100K<\/strong><\/p>\n<p><img fetchpriority=\"high\" decoding=\"async\" class=\"alignnone size-medium wp-image-62 aligncenter\" src=\"https:\/\/dangkyinternetfpt.com.vn\/wp-content\/uploads\/2024\/12\/lua-chon-thiet-bi-phu-hop-lap-wifi-tai-nha-e1727681845321-300x281.jpg\" alt=\"\" width=\"300\" height=\"281\" srcset=\"https:\/\/dangkyinternetfpt.com.vn\/wp-content\/uploads\/2024\/12\/lua-chon-thiet-bi-phu-hop-lap-wifi-tai-nha-e1727681845321-300x281.jpg 300w, https:\/\/dangkyinternetfpt.com.vn\/wp-content\/uploads\/2024\/12\/lua-chon-thiet-bi-phu-hop-lap-wifi-tai-nha-e1727681845321-1024x960.jpg 1024w, https:\/\/dangkyinternetfpt.com.vn\/wp-content\/uploads\/2024\/12\/lua-chon-thiet-bi-phu-hop-lap-wifi-tai-nha-e1727681845321-768x720.jpg 768w, https:\/\/dangkyinternetfpt.com.vn\/wp-content\/uploads\/2024\/12\/lua-chon-thiet-bi-phu-hop-lap-wifi-tai-nha-e1727681845321-600x563.jpg 600w, https:\/\/dangkyinternetfpt.com.vn\/wp-content\/uploads\/2024\/12\/lua-chon-thiet-bi-phu-hop-lap-wifi-tai-nha-e1727681845321.jpg 1171w\" sizes=\"(max-width: 300px) 100vw, 300px\" \/><\/p>\n<p>\ud83c\udf89\u00a0FPT Internet \u2013 K\u1ebft N\u1ed1i M\u1ecdi Kho\u1ea3nh Kh\u1eafc!\u00a0\ud83c\udf10<\/p>\n<p>B\u1ea1n \u0111ang t\u00ecm ki\u1ebfm m\u1ed9t d\u1ecbch v\u1ee5 Internet \u1ed5n \u0111\u1ecbnh, t\u1ed1c \u0111\u1ed9 cao? H\u00e3y \u0111\u1ec3 FPT gi\u00fap b\u1ea1n tr\u1ea3i nghi\u1ec7m nh\u1eefng \u0111i\u1ec1u tuy\u1ec7t v\u1eddi nh\u1ea5t t\u1eeb c\u00f4ng ngh\u1ec7 v\u01b0\u1ee3t tr\u1ed9i!<\/p>\n<p>\ud83d\udcf6\u00a0T\u1ed1c \u0110\u1ed9 Cao \u2013 K\u1ebft N\u1ed1i M\u01b0\u1ee3t M\u00e0<br \/>\nT\u1eadn h\u01b0\u1edfng t\u1ed1c \u0111\u1ed9 Internet l\u00ean \u0111\u1ebfn 1 Gbps (1000 Mbps) v\u1edbi c\u00e1c g\u00f3i d\u1ecbch v\u1ee5 FPT Giga, ph\u00f9 h\u1ee3p cho m\u1ecdi nhu c\u1ea7u t\u1eeb l\u00e0m vi\u1ec7c, h\u1ecdc t\u1eadp \u0111\u1ebfn gi\u1ea3i tr\u00ed tr\u1ef1c tuy\u1ebfn.<\/p>\n<p>\ud83d\udd12\u00a0\u1ed4n \u0110\u1ecbnh \u2013 Kh\u00f4ng Lo Gi\u00e1n \u0110o\u1ea1n<br \/>\nV\u1edbi c\u00f4ng ngh\u1ec7 c\u00e1p quang hi\u1ec7n \u0111\u1ea1i, d\u1ecbch v\u1ee5 c\u1ee7a FPT cam k\u1ebft k\u1ebft n\u1ed1i \u1ed5n \u0111\u1ecbnh, ch\u1ea5t l\u01b0\u1ee3ng cao trong su\u1ed1t qu\u00e1 tr\u00ecnh s\u1eed d\u1ee5ng.<\/p>\n<p>\ud83d\udca1\u00a0Khuy\u1ebfn M\u00e3i H\u1ea5p D\u1eabn<br \/>\nNhanh tay \u0111\u0103ng k\u00fd ngay h\u00f4m nay \u0111\u1ec3 nh\u1eadn \u01b0u \u0111\u00e3i h\u1ea5p d\u1eabn l\u00ean \u0111\u1ebfn 50% cho th\u00e1ng \u0111\u1ea7u ti\u00ean, c\u00f9ng nhi\u1ec1u qu\u00e0 t\u1eb7ng gi\u00e1 tr\u1ecb!<\/p>\n<p>G\u00f3i C\u01b0\u1edbc \u0110a D\u1ea1ng \u2013 L\u1ef1a Ch\u1ecdn Theo Nhu C\u1ea7u<br \/>\nT\u1eeb t\u1ed1c \u0111\u1ed9 100 Mbps \u0111\u1ebfn 1 Gbps, FPT lu\u00f4n c\u00f3 g\u00f3i c\u01b0\u1edbc ph\u00f9 h\u1ee3p v\u1edbi nhu c\u1ea7u c\u1ee7a b\u1ea1n, cho ph\u00e9p b\u1ea1n tho\u1ea3i m\u00e1i truy c\u1eadp Internet m\u00e0 kh\u00f4ng lo gi\u00e1n \u0111o\u1ea1n.<\/p>\n<hr class=\"wp-block-separator has-alpha-channel-opacity\" \/>\n<p>\ud83c\udf1f\u00a0\u0110\u0103ng K\u00fd Ngay v\u00e0 nh\u1eadn h\u1ed7 tr\u1ee3 t\u1eeb \u0111\u1ed9i ng\u0169 t\u01b0 v\u1ea5n vi\u00ean FPT.<\/p>\n<p>\ud83d\udcde\u00a0G\u1ecdi ngay: 0775905979 Mr.L\u1ed9c<\/p>\n<p>FPT Internet \u2013 N\u00e2ng T\u1ea7m Cu\u1ed9c S\u1ed1ng C\u00f9ng C\u00f4ng Ngh\u1ec7!<\/p>\n","protected":false},"featured_media":65,"template":"","meta":[],"product_cat":[24],"product_tag":[],"class_list":{"0":"post-64","1":"product","2":"type-product","3":"status-publish","6":"product_cat-internet-ca-nhan","8":"first","9":"instock","10":"shipping-taxable","11":"purchasable","12":"product-type-simple"},"_links":{"self":[{"href":"https:\/\/dangkyinternetfpt.com.vn\/index.php\/wp-json\/wp\/v2\/product\/64","targetHints":{"allow":["GET"]}}],"collection":[{"href":"https:\/\/dangkyinternetfpt.com.vn\/index.php\/wp-json\/wp\/v2\/product"}],"about":[{"href":"https:\/\/dangkyinternetfpt.com.vn\/index.php\/wp-json\/wp\/v2\/types\/product"}],"wp:featuredmedia":[{"embeddable":true,"href":"https:\/\/dangkyinternetfpt.com.vn\/index.php\/wp-json\/wp\/v2\/media\/65"}],"wp:attachment":[{"href":"https:\/\/dangkyinternetfpt.com.vn\/index.php\/wp-json\/wp\/v2\/media?parent=64"}],"wp:term":[{"taxonomy":"product_cat","embeddable":true,"href":"https:\/\/dangkyinternetfpt.com.vn\/index.php\/wp-json\/wp\/v2\/product_cat?post=64"},{"taxonomy":"product_tag","embeddable":true,"href":"https:\/\/dangkyinternetfpt.com.vn\/index.php\/wp-json\/wp\/v2\/product_tag?post=64"}],"curies":[{"name":"wp","href":"https:\/\/api.w.org\/{rel}","templated":true}]}}